{"id":8,"date":"2019-11-08T17:22:55","date_gmt":"2019-11-08T16:22:55","guid":{"rendered":"http:\/\/projekt-augenzeugen.de\/?page_id=8"},"modified":"2019-11-08T17:28:26","modified_gmt":"2019-11-08T16:28:26","slug":"impressum","status":"publish","type":"page","link":"http:\/\/projekt-augenzeugen.de\/?page_id=8","title":{"rendered":"Impressum"},"content":{"rendered":"\n<h2 class=\"wp-block-heading\"><strong>Projekt Augenzeugen<\/strong><\/h2>\n\n\n\n<p><strong>Projektverantwortliche: <\/strong><br>Sabine Hartmann<br>An der H\u00f6he 15<br>31079 Sibbesse<br>Tel.: 05065 1781<br>kontakt@projekt-augenzeugen.de<\/p>\n\n\n\n<p><strong>Technischer Kontakt \/ Webmaster:<\/strong><br>Andreas Hartmann<br>webmaster@projekt-augenzeugen.de<\/p>\n\n\n\n<h2 class=\"wp-block-heading\">Haftungsbeschr\u00e4nkung<\/h2>\n\n\n\n<p><strong>Inhalte dieser Website<\/strong><br> Die Inhalte dieser Website werden mit gr\u00f6\u00dftm\u00f6glicher Sorgfalt erstellt.  Wir \u00fcbernehmen jedoch keine Gew\u00e4hr f\u00fcr die Richtigkeit, Vollst\u00e4ndigkeit  und Aktualit\u00e4t der bereitgestellten Inhalte. Die Nutzung der abrufbaren  Inhalte erfolgt auf eigene Gefahr des Nutzers. Namentlich  gekennzeichnete Beitr\u00e4ge geben die Meinung des jeweiligen Autors und wieder.<\/p>\n\n\n\n<p><strong>Externe Links<\/strong><\/p>\n\n\n\n<p><strong> <\/strong>Diese Website enth\u00e4lt Verkn\u00fcpfungen zu Websites Dritter  (\u201eexterne Links\u201c). Diese Websites unterliegen der Haftung der jeweiligen  Betreiber. Bei der erstmaligen Verkn\u00fcpfung der externen Links wurden die fremden Inhalte daraufhin \u00fcberpr\u00fcft, ob etwaige Rechtsverst\u00f6\u00dfe  bestehen. Zu dem Zeitpunkt waren keine Rechtsverst\u00f6\u00dfe ersichtlich. Wir haben keinerlei Einfluss auf die aktuelle und zuk\u00fcnftige Gestaltung und  auf die Inhalte der verkn\u00fcpften Seiten. Das Setzen von externen Links  bedeutet nicht, dass wir uns die hinter dem Verweis oder Link liegenden  Inhalte zu Eigen mache. Eine st\u00e4ndige Kontrolle dieser externen Links  ist ohne konkrete Hinweise auf Rechtsverst\u00f6\u00dfe nicht zumutbar.  Bei Kenntnis von Rechtsverst\u00f6\u00dfen werden jedoch derartige externe Links  unverz\u00fcglich gel\u00f6scht.<\/p>\n\n\n\n<h2 class=\"wp-block-heading\"><strong>Datenschutz<\/strong><\/h2>\n\n\n\n<p>Durch den Besuch derWebsite&nbsp;k\u00f6nnen Informationen \u00fcber den Zugriff  (Datum, Uhrzeit, betrachtete Seite) auf dem Server gespeichert werden.  Diese Daten geh\u00f6ren nicht zu den personenbezogenen Daten, sondern sind  anonymisiert. Sie werden ausschlie\u00dflich zu statistischen Zwecken  ausgewertet. Eine Weitergabe an Dritte, zu kommerziellen oder  nichtkommerziellen Zwecken, findet nicht statt.<\/p>\n\n\n\n<p>Wir weisen ausdr\u00fccklich darauf hin, dass die Daten\u00fcbertragung im  Internet (z. B. bei der Kommunikation per E-Mail) Sicherheitsl\u00fccken  aufweist und nicht l\u00fcckenlos vor dem Zugriff durch Dritte gesch\u00fctzt  werden kann.<\/p>\n\n\n\n<p><br><\/p>\n","protected":false},"excerpt":{"rendered":"<p>Projekt Augenzeugen Projektverantwortliche: Sabine HartmannAn der H\u00f6he 1531079 SibbesseTel.: 05065 1781kontakt@projekt-augenzeugen.de Technischer Kontakt \/ Webmaster:Andreas Hartmannwebmaster@projekt-augenzeugen.de Haftungsbeschr\u00e4nkung Inhalte dieser Website Die Inhalte dieser Website werden mit gr\u00f6\u00dftm\u00f6glicher Sorgfalt erstellt. Wir \u00fcbernehmen jedoch keine Gew\u00e4hr f\u00fcr die Richtigkeit, Vollst\u00e4ndigkeit und Aktualit\u00e4t der bereitgestellten Inhalte. Die Nutzung der abrufbaren Inhalte erfolgt auf eigene Gefahr des Nutzers. Namentlich &hellip; <a href=\"http:\/\/projekt-augenzeugen.de\/?page_id=8\" class=\"more-link\"><span class=\"screen-reader-text\">Impressum<\/span> weiterlesen<\/a><\/p>\n","protected":false},"author":1,"featured_media":0,"parent":0,"menu_order":0,"comment_status":"closed","ping_status":"closed","template":"","meta":{"footnotes":""},"class_list":["post-8","page","type-page","status-publish","hentry"],"_links":{"self":[{"href":"http:\/\/projekt-augenzeugen.de\/index.php?rest_route=\/wp\/v2\/pages\/8","targetHints":{"allow":["GET"]}}],"collection":[{"href":"http:\/\/projekt-augenzeugen.de\/index.php?rest_route=\/wp\/v2\/pages"}],"about":[{"href":"http:\/\/projekt-augenzeugen.de\/index.php?rest_route=\/wp\/v2\/types\/page"}],"author":[{"embeddable":true,"href":"http:\/\/projekt-augenzeugen.de\/index.php?rest_route=\/wp\/v2\/users\/1"}],"replies":[{"embeddable":true,"href":"http:\/\/projekt-augenzeugen.de\/index.php?rest_route=%2Fwp%2Fv2%2Fcomments&post=8"}],"version-history":[{"count":4,"href":"http:\/\/projekt-augenzeugen.de\/index.php?rest_route=\/wp\/v2\/pages\/8\/revisions"}],"predecessor-version":[{"id":16,"href":"http:\/\/projekt-augenzeugen.de\/index.php?rest_route=\/wp\/v2\/pages\/8\/revisions\/16"}],"wp:attachment":[{"href":"http:\/\/projekt-augenzeugen.de\/index.php?rest_route=%2Fwp%2Fv2%2Fmedia&parent=8"}],"curies":[{"name":"wp","href":"https:\/\/api.w.org\/{rel}","templated":true}]}}